{"id":5,"date":"2024-07-29T21:02:30","date_gmt":"2024-07-29T19:02:30","guid":{"rendered":"https:\/\/www.arkipelaghus.se\/?page_id=5"},"modified":"2024-07-29T22:26:00","modified_gmt":"2024-07-29T20:26:00","slug":"fastighetsprojekt-med-omtanke","status":"publish","type":"page","link":"https:\/\/www.arkipelaghus.se\/","title":{"rendered":"Fastighetsprojekt med omtanke"},"content":{"rendered":"\n<figure class=\"wp-block-image size-large is-resized\"><img loading=\"lazy\" decoding=\"async\" width=\"1024\" height=\"768\" src=\"https:\/\/www.arkipelaghus.se\/wp-content\/uploads\/2024\/07\/IMG_8320-1024x768.jpeg\" alt=\"\" class=\"wp-image-7\" style=\"width:1044px;height:auto\" srcset=\"https:\/\/www.arkipelaghus.se\/wp-content\/uploads\/2024\/07\/IMG_8320-1024x768.jpeg 1024w, https:\/\/www.arkipelaghus.se\/wp-content\/uploads\/2024\/07\/IMG_8320-300x225.jpeg 300w, https:\/\/www.arkipelaghus.se\/wp-content\/uploads\/2024\/07\/IMG_8320-768x576.jpeg 768w, https:\/\/www.arkipelaghus.se\/wp-content\/uploads\/2024\/07\/IMG_8320-1536x1152.jpeg 1536w, https:\/\/www.arkipelaghus.se\/wp-content\/uploads\/2024\/07\/IMG_8320-2048x1536.jpeg 2048w\" sizes=\"(max-width: 1024px) 100vw, 1024px\" \/><\/figure>\n\n\n\n<p><\/p>\n\n\n\n<p><\/p>\n","protected":false},"excerpt":{"rendered":"","protected":false},"author":1,"featured_media":0,"parent":0,"menu_order":0,"comment_status":"closed","ping_status":"closed","template":"","meta":{"_monsterinsights_skip_tracking":false,"_monsterinsights_sitenote_active":false,"_monsterinsights_sitenote_note":"","_monsterinsights_sitenote_category":0,"footnotes":""},"yoast_head":"<!-- This site is optimized with the Yoast SEO plugin v23.0 - https:\/\/yoast.com\/wordpress\/plugins\/seo\/ -->\n<title>Fastighetsprojekt med omtanke - Arkipelaghus<\/title>\n<meta name=\"description\" content=\"Med omtanke om ditt byggprojekt. Oavsett storleken p\u00e5 fastighet kan vi tillhandah\u00e5lla allt fr\u00e5n id\u00e9er till projektering, entreprenad och besiktning.\" \/>\n<meta name=\"robots\" content=\"index, follow, max-snippet:-1, max-image-preview:large, max-video-preview:-1\" \/>\n<link rel=\"canonical\" href=\"https:\/\/www.arkipelaghus.se\/\" \/>\n<meta property=\"og:locale\" content=\"sv_SE\" \/>\n<meta property=\"og:type\" content=\"article\" \/>\n<meta property=\"og:title\" content=\"Fastighetsprojekt med omtanke - Arkipelaghus\" \/>\n<meta property=\"og:description\" content=\"Med omtanke om ditt byggprojekt. Oavsett storleken p\u00e5 fastighet kan vi tillhandah\u00e5lla allt fr\u00e5n id\u00e9er till projektering, entreprenad och besiktning.\" \/>\n<meta property=\"og:url\" content=\"https:\/\/www.arkipelaghus.se\/\" \/>\n<meta property=\"og:site_name\" content=\"Arkipelaghus\" \/>\n<meta property=\"article:modified_time\" content=\"2024-07-29T20:26:00+00:00\" \/>\n<meta property=\"og:image\" content=\"https:\/\/www.arkipelaghus.se\/wp-content\/uploads\/2024\/07\/IMG_8320-1024x768.jpeg\" \/>\n<meta name=\"twitter:card\" content=\"summary_large_image\" \/>\n<meta name=\"twitter:label1\" content=\"Ber\u00e4knad l\u00e4stid\" \/>\n\t<meta name=\"twitter:data1\" content=\"1 minut\" \/>\n<script type=\"application\/ld+json\" class=\"yoast-schema-graph\">{\"@context\":\"https:\/\/schema.org\",\"@graph\":[{\"@type\":\"WebPage\",\"@id\":\"https:\/\/www.arkipelaghus.se\/\",\"url\":\"https:\/\/www.arkipelaghus.se\/\",\"name\":\"Fastighetsprojekt med omtanke - Arkipelaghus\",\"isPartOf\":{\"@id\":\"https:\/\/www.arkipelaghus.se\/#website\"},\"primaryImageOfPage\":{\"@id\":\"https:\/\/www.arkipelaghus.se\/#primaryimage\"},\"image\":{\"@id\":\"https:\/\/www.arkipelaghus.se\/#primaryimage\"},\"thumbnailUrl\":\"https:\/\/www.arkipelaghus.se\/wp-content\/uploads\/2024\/07\/IMG_8320-1024x768.jpeg\",\"datePublished\":\"2024-07-29T19:02:30+00:00\",\"dateModified\":\"2024-07-29T20:26:00+00:00\",\"description\":\"Med omtanke om ditt byggprojekt. Oavsett storleken p\u00e5 fastighet kan vi tillhandah\u00e5lla allt fr\u00e5n id\u00e9er till projektering, entreprenad och besiktning.\",\"breadcrumb\":{\"@id\":\"https:\/\/www.arkipelaghus.se\/#breadcrumb\"},\"inLanguage\":\"sv-SE\",\"potentialAction\":[{\"@type\":\"ReadAction\",\"target\":[\"https:\/\/www.arkipelaghus.se\/\"]}]},{\"@type\":\"ImageObject\",\"inLanguage\":\"sv-SE\",\"@id\":\"https:\/\/www.arkipelaghus.se\/#primaryimage\",\"url\":\"https:\/\/www.arkipelaghus.se\/wp-content\/uploads\/2024\/07\/IMG_8320-scaled.jpeg\",\"contentUrl\":\"https:\/\/www.arkipelaghus.se\/wp-content\/uploads\/2024\/07\/IMG_8320-scaled.jpeg\",\"width\":2560,\"height\":1920},{\"@type\":\"BreadcrumbList\",\"@id\":\"https:\/\/www.arkipelaghus.se\/#breadcrumb\",\"itemListElement\":[{\"@type\":\"ListItem\",\"position\":1,\"name\":\"Home\",\"item\":\"https:\/\/www.arkipelaghus.se\/\"},{\"@type\":\"ListItem\",\"position\":2,\"name\":\"Fastighetsprojekt med omtanke\"}]},{\"@type\":\"WebSite\",\"@id\":\"https:\/\/www.arkipelaghus.se\/#website\",\"url\":\"https:\/\/www.arkipelaghus.se\/\",\"name\":\"Arkipelaghus\",\"description\":\"\",\"publisher\":{\"@id\":\"https:\/\/www.arkipelaghus.se\/#organization\"},\"potentialAction\":[{\"@type\":\"SearchAction\",\"target\":{\"@type\":\"EntryPoint\",\"urlTemplate\":\"https:\/\/www.arkipelaghus.se\/?s={search_term_string}\"},\"query-input\":\"required name=search_term_string\"}],\"inLanguage\":\"sv-SE\"},{\"@type\":\"Organization\",\"@id\":\"https:\/\/www.arkipelaghus.se\/#organization\",\"name\":\"Arkipelaghus\",\"url\":\"https:\/\/www.arkipelaghus.se\/\",\"logo\":{\"@type\":\"ImageObject\",\"inLanguage\":\"sv-SE\",\"@id\":\"https:\/\/www.arkipelaghus.se\/#\/schema\/logo\/image\/\",\"url\":\"https:\/\/www.arkipelaghus.se\/wp-content\/uploads\/2024\/08\/cropped-arkipelaghus_1000_pxl.png\",\"contentUrl\":\"https:\/\/www.arkipelaghus.se\/wp-content\/uploads\/2024\/08\/cropped-arkipelaghus_1000_pxl.png\",\"width\":900,\"height\":124,\"caption\":\"Arkipelaghus\"},\"image\":{\"@id\":\"https:\/\/www.arkipelaghus.se\/#\/schema\/logo\/image\/\"}}]}<\/script>\n<!-- \/ Yoast SEO plugin. -->","yoast_head_json":{"title":"Fastighetsprojekt med omtanke - Arkipelaghus","description":"Med omtanke om ditt byggprojekt. Oavsett storleken p\u00e5 fastighet kan vi tillhandah\u00e5lla allt fr\u00e5n id\u00e9er till projektering, entreprenad och besiktning.","robots":{"index":"index","follow":"follow","max-snippet":"max-snippet:-1","max-image-preview":"max-image-preview:large","max-video-preview":"max-video-preview:-1"},"canonical":"https:\/\/www.arkipelaghus.se\/","og_locale":"sv_SE","og_type":"article","og_title":"Fastighetsprojekt med omtanke - Arkipelaghus","og_description":"Med omtanke om ditt byggprojekt. Oavsett storleken p\u00e5 fastighet kan vi tillhandah\u00e5lla allt fr\u00e5n id\u00e9er till projektering, entreprenad och besiktning.","og_url":"https:\/\/www.arkipelaghus.se\/","og_site_name":"Arkipelaghus","article_modified_time":"2024-07-29T20:26:00+00:00","og_image":[{"url":"https:\/\/www.arkipelaghus.se\/wp-content\/uploads\/2024\/07\/IMG_8320-1024x768.jpeg"}],"twitter_card":"summary_large_image","twitter_misc":{"Ber\u00e4knad l\u00e4stid":"1 minut"},"schema":{"@context":"https:\/\/schema.org","@graph":[{"@type":"WebPage","@id":"https:\/\/www.arkipelaghus.se\/","url":"https:\/\/www.arkipelaghus.se\/","name":"Fastighetsprojekt med omtanke - Arkipelaghus","isPartOf":{"@id":"https:\/\/www.arkipelaghus.se\/#website"},"primaryImageOfPage":{"@id":"https:\/\/www.arkipelaghus.se\/#primaryimage"},"image":{"@id":"https:\/\/www.arkipelaghus.se\/#primaryimage"},"thumbnailUrl":"https:\/\/www.arkipelaghus.se\/wp-content\/uploads\/2024\/07\/IMG_8320-1024x768.jpeg","datePublished":"2024-07-29T19:02:30+00:00","dateModified":"2024-07-29T20:26:00+00:00","description":"Med omtanke om ditt byggprojekt. Oavsett storleken p\u00e5 fastighet kan vi tillhandah\u00e5lla allt fr\u00e5n id\u00e9er till projektering, entreprenad och besiktning.","breadcrumb":{"@id":"https:\/\/www.arkipelaghus.se\/#breadcrumb"},"inLanguage":"sv-SE","potentialAction":[{"@type":"ReadAction","target":["https:\/\/www.arkipelaghus.se\/"]}]},{"@type":"ImageObject","inLanguage":"sv-SE","@id":"https:\/\/www.arkipelaghus.se\/#primaryimage","url":"https:\/\/www.arkipelaghus.se\/wp-content\/uploads\/2024\/07\/IMG_8320-scaled.jpeg","contentUrl":"https:\/\/www.arkipelaghus.se\/wp-content\/uploads\/2024\/07\/IMG_8320-scaled.jpeg","width":2560,"height":1920},{"@type":"BreadcrumbList","@id":"https:\/\/www.arkipelaghus.se\/#breadcrumb","itemListElement":[{"@type":"ListItem","position":1,"name":"Home","item":"https:\/\/www.arkipelaghus.se\/"},{"@type":"ListItem","position":2,"name":"Fastighetsprojekt med omtanke"}]},{"@type":"WebSite","@id":"https:\/\/www.arkipelaghus.se\/#website","url":"https:\/\/www.arkipelaghus.se\/","name":"Arkipelaghus","description":"","publisher":{"@id":"https:\/\/www.arkipelaghus.se\/#organization"},"potentialAction":[{"@type":"SearchAction","target":{"@type":"EntryPoint","urlTemplate":"https:\/\/www.arkipelaghus.se\/?s={search_term_string}"},"query-input":"required name=search_term_string"}],"inLanguage":"sv-SE"},{"@type":"Organization","@id":"https:\/\/www.arkipelaghus.se\/#organization","name":"Arkipelaghus","url":"https:\/\/www.arkipelaghus.se\/","logo":{"@type":"ImageObject","inLanguage":"sv-SE","@id":"https:\/\/www.arkipelaghus.se\/#\/schema\/logo\/image\/","url":"https:\/\/www.arkipelaghus.se\/wp-content\/uploads\/2024\/08\/cropped-arkipelaghus_1000_pxl.png","contentUrl":"https:\/\/www.arkipelaghus.se\/wp-content\/uploads\/2024\/08\/cropped-arkipelaghus_1000_pxl.png","width":900,"height":124,"caption":"Arkipelaghus"},"image":{"@id":"https:\/\/www.arkipelaghus.se\/#\/schema\/logo\/image\/"}}]}},"_links":{"self":[{"href":"https:\/\/www.arkipelaghus.se\/index.php?rest_route=\/wp\/v2\/pages\/5"}],"collection":[{"href":"https:\/\/www.arkipelaghus.se\/index.php?rest_route=\/wp\/v2\/pages"}],"about":[{"href":"https:\/\/www.arkipelaghus.se\/index.php?rest_route=\/wp\/v2\/types\/page"}],"author":[{"embeddable":true,"href":"https:\/\/www.arkipelaghus.se\/index.php?rest_route=\/wp\/v2\/users\/1"}],"replies":[{"embeddable":true,"href":"https:\/\/www.arkipelaghus.se\/index.php?rest_route=%2Fwp%2Fv2%2Fcomments&post=5"}],"version-history":[{"count":4,"href":"https:\/\/www.arkipelaghus.se\/index.php?rest_route=\/wp\/v2\/pages\/5\/revisions"}],"predecessor-version":[{"id":32,"href":"https:\/\/www.arkipelaghus.se\/index.php?rest_route=\/wp\/v2\/pages\/5\/revisions\/32"}],"wp:attachment":[{"href":"https:\/\/www.arkipelaghus.se\/index.php?rest_route=%2Fwp%2Fv2%2Fmedia&parent=5"}],"curies":[{"name":"wp","href":"https:\/\/api.w.org\/{rel}","templated":true}]}}